


{"id":367,"date":"2023-10-31T10:45:56","date_gmt":"2023-10-31T10:45:56","guid":{"rendered":"https:\/\/summitss.ca\/nos-soignants\/"},"modified":"2023-10-31T10:45:56","modified_gmt":"2023-10-31T10:45:56","slug":"nos-soignants","status":"publish","type":"page","link":"https:\/\/summitss.ca\/fr\/nos-soignants\/","title":{"rendered":"Nos soignants"},"content":{"rendered":"<p><div class=\"fusion-bg-parallax\" data-bg-align=\"left top\" data-direction=\"right\" data-mute=\"false\" data-opacity=\"100\" data-velocity=\"-0.4\" data-mobile-enabled=\"false\" data-break_parents=\"0\" data-bg-image=\"https:\/\/summitss.ca\/wp-content\/uploads\/2023\/10\/header-image-articles.jpg\" data-bg-repeat=\"false\" ><\/div><div class=\"fusion-fullwidth fullwidth-box fusion-builder-row-1 fusion-flex-container fusion-parallax-right nonhundred-percent-fullwidth non-hundred-percent-height-scrolling\" style=\"--awb-background-position:left top;--awb-border-sizes-top:0px;--awb-border-sizes-bottom:0px;--awb-border-sizes-left:0px;--awb-border-sizes-right:0px;--awb-border-radius-top-left:0px;--awb-border-radius-top-right:0px;--awb-border-radius-bottom-right:0px;--awb-border-radius-bottom-left:0px;--awb-padding-top:10%;--awb-padding-right:5%;--awb-padding-bottom:10%;--awb-padding-left:5%;--awb-background-image:url(&quot;https:\/\/summitss.ca\/wp-content\/uploads\/2023\/10\/header-image-articles.jpg&quot;);--awb-background-size:cover;--awb-flex-wrap:wrap;\" ><div class=\"fusion-builder-row fusion-row fusion-flex-align-items-flex-start fusion-flex-content-wrap\" style=\"max-width:calc( 1200px + 0px );margin-left: calc(-0px \/ 2 );margin-right: calc(-0px \/ 2 );\"><div class=\"fusion-layout-column fusion_builder_column fusion-builder-column-0 fusion_builder_column_1_1 1_1 fusion-flex-column\" style=\"--awb-bg-size:cover;--awb-width-large:100%;--awb-margin-top-large:0px;--awb-spacing-right-large:0px;--awb-margin-bottom-large:20px;--awb-spacing-left-large:0px;--awb-width-medium:100%;--awb-spacing-right-medium:0px;--awb-spacing-left-medium:0px;--awb-width-small:100%;--awb-spacing-right-small:0px;--awb-spacing-left-small:0px;\"><div class=\"fusion-column-wrapper fusion-flex-justify-content-flex-start fusion-content-layout-column\"><div class=\"fusion-title title fusion-title-1 fusion-sep-none fusion-title-center fusion-title-text fusion-title-size-one\" style=\"--awb-text-color:var(--awb-color1);--awb-margin-top:50px;--awb-margin-bottom:30px;--awb-margin-top-medium:20px;\"><h1 class=\"fusion-title-heading title-heading-center\" style=\"margin:0;\">Nos <span style=\"color: var(--awb-color5);\">soignants <\/span><\/h1><\/div><div class=\"fusion-text fusion-text-1\" style=\"--awb-content-alignment:center;--awb-font-size:26px;--awb-line-height:36px;--awb-text-color:var(--awb-color1);\"><p>Les mots aimables peuvent \u00eatre courts et faciles \u00e0 prononcer, mais leurs \u00e9chos sont vraiment infinis. <\/p>\n<\/div><\/div><\/div><\/div><\/div><div class=\"fusion-fullwidth fullwidth-box fusion-builder-row-2 fusion-flex-container hundred-percent-fullwidth non-hundred-percent-height-scrolling\" style=\"--awb-background-position:left top;--awb-border-sizes-top:0px;--awb-border-sizes-bottom:0px;--awb-border-sizes-left:0px;--awb-border-sizes-right:0px;--awb-border-radius-top-left:0px;--awb-border-radius-top-right:0px;--awb-border-radius-bottom-right:0px;--awb-border-radius-bottom-left:0px;--awb-padding-top:0px;--awb-padding-right:0px;--awb-padding-bottom:0px;--awb-padding-left:0px;--awb-flex-wrap:wrap;\" id=\"OurCommitment\" ><div class=\"fusion-builder-row fusion-row fusion-flex-align-items-stretch fusion-flex-content-wrap\" style=\"width:calc( 100% + 0px ) !important;max-width:calc( 100% + 0px ) !important;margin-left: calc(-0px \/ 2 );margin-right: calc(-0px \/ 2 );\"><div class=\"fusion-layout-column fusion_builder_column fusion-builder-column-1 fusion_builder_column_1_2 1_2 fusion-flex-column\" style=\"--awb-padding-top:13%;--awb-padding-right:13%;--awb-padding-bottom:13%;--awb-padding-left:13%;--awb-bg-size:cover;--awb-width-large:50%;--awb-margin-top-large:0px;--awb-spacing-right-large:0px;--awb-margin-bottom-large:0px;--awb-spacing-left-large:0px;--awb-width-medium:50%;--awb-spacing-right-medium:0px;--awb-spacing-left-medium:0px;--awb-width-small:100%;--awb-spacing-right-small:0px;--awb-spacing-left-small:0px;\"><div class=\"fusion-column-wrapper fusion-flex-justify-content-flex-start fusion-content-layout-column\"><div class=\"fusion-title title fusion-title-2 fusion-sep-none fusion-title-text fusion-title-size-two\" style=\"--awb-text-color:var(--awb-color4);--awb-margin-bottom:30px;\"><h2 class=\"fusion-title-heading title-heading-left\" style=\"margin:0;\">Notre engagement envers des soins \u00e0 domicile de qualit\u00e9<\/h2><\/div><div class=\"fusion-text fusion-text-2\"><p><b> Soignants qualifi\u00e9s:<\/b> Nos soignants suivent une formation approfondie sur divers aspects des soins \u00e0 domicile, y compris une formation sp\u00e9cialis\u00e9e sur la d\u00e9mence, les soins palliatifs et le soutien en sant\u00e9 mentale. Cela garantit qu\u2019ils sont \u00e9quip\u00e9s pour fournir des soins de la plus haute qualit\u00e9 \u00e0 vos proches.<\/p>\n<p> <b> Plans de soins personnalis\u00e9s:<\/b> Nous comprenons que chaque individu a des besoins uniques. C&rsquo;est pourquoi nous d\u00e9veloppons des plans de soins personnalis\u00e9s adapt\u00e9s aux exigences et pr\u00e9f\u00e9rences sp\u00e9cifiques de chaque personne que nous servons. Cette approche personnalis\u00e9e garantit que vos proches re\u00e7oivent les soins et le soutien dont ils ont r\u00e9ellement besoin.<\/p>\n<p> <b> Surveillance et r\u00e9troaction continues:<\/b> Notre engagement envers la qualit\u00e9 ne s&rsquo;arr\u00eate pas \u00e0 l&rsquo;affectation d&rsquo;un soignant. Nous surveillons r\u00e9guli\u00e8rement les soins prodigu\u00e9s et sollicitons les commentaires des clients et des soignants. Cette \u00e9valuation continue nous permet de faire les ajustements n\u00e9cessaires et de garantir le maintien des normes de soins les plus \u00e9lev\u00e9es.<\/p>\n<\/div><\/div><\/div><div class=\"fusion-layout-column fusion_builder_column fusion-builder-column-2 fusion_builder_column_1_2 1_2 fusion-flex-column fusion-column-inner-bg-wrapper\" style=\"--awb-inner-bg-image:url(&#039;https:\/\/summitss.ca\/wp-content\/uploads\/2023\/10\/expert-healthcare.jpg&#039;);--awb-inner-bg-position:center center;--awb-inner-bg-size:cover;--awb-width-large:50%;--awb-margin-top-large:0px;--awb-spacing-right-large:0px;--awb-margin-bottom-large:0px;--awb-spacing-left-large:0px;--awb-width-medium:50%;--awb-spacing-right-medium:0px;--awb-spacing-left-medium:0px;--awb-width-small:100%;--awb-spacing-right-small:0px;--awb-spacing-left-small:0px;\"><span class=\"fusion-column-inner-bg hover-type-none\"><a class=\"fusion-column-anchor\" href=\"https:\/\/avada.website\/health\/make-appointment\/\"><span class=\"fusion-column-inner-bg-image\"><\/span><\/a><\/span><div class=\"fusion-column-wrapper fusion-flex-justify-content-flex-start fusion-content-layout-column fusion-empty-column-bg-image fusion-column-has-bg-image\" data-bg-url=\"https:\/\/summitss.ca\/wp-content\/uploads\/2023\/10\/expert-healthcare.jpg\"><img decoding=\"async\" class=\"fusion-empty-dims-img-placeholder fusion-no-large-visibility fusion-no-medium-visibility\" src=\"data:image\/svg+xml,%3Csvg%20xmlns%3D%27http%3A%2F%2Fwww.w3.org%2F2000%2Fsvg%27%20width%3D%271000%27%20height%3D%27758%27%20viewBox%3D%270%200%201000%20758%27%3E%3Crect%20width%3D%271000%27%20height%3D%27758%27%20fill-opacity%3D%220%22%2F%3E%3C%2Fsvg%3E\"><\/div><\/div><\/div><\/div><div class=\"fusion-fullwidth fullwidth-box fusion-builder-row-3 fusion-flex-container hundred-percent-fullwidth non-hundred-percent-height-scrolling\" style=\"--awb-background-position:left top;--awb-border-sizes-top:0px;--awb-border-sizes-bottom:0px;--awb-border-sizes-left:0px;--awb-border-sizes-right:0px;--awb-border-radius-top-left:0px;--awb-border-radius-top-right:0px;--awb-border-radius-bottom-right:0px;--awb-border-radius-bottom-left:0px;--awb-padding-top:0px;--awb-padding-right:0px;--awb-padding-bottom:0px;--awb-padding-left:0px;--awb-flex-wrap:wrap;\" id=\"OurHiringProcess\" ><div class=\"fusion-builder-row fusion-row fusion-flex-align-items-stretch fusion-flex-content-wrap\" style=\"width:calc( 100% + 0px ) !important;max-width:calc( 100% + 0px ) !important;margin-left: calc(-0px \/ 2 );margin-right: calc(-0px \/ 2 );\"><div class=\"fusion-layout-column fusion_builder_column fusion-builder-column-3 fusion_builder_column_1_2 1_2 fusion-flex-column fusion-no-small-visibility fusion-column-inner-bg-wrapper\" style=\"--awb-inner-bg-image:url(&#039;https:\/\/summitss.ca\/wp-content\/uploads\/2023\/10\/assisting-disabled-elderly-man-scaled-2-800x535.jpg&#039;);--awb-inner-bg-position:center center;--awb-inner-bg-size:cover;--awb-width-large:50%;--awb-margin-top-large:0px;--awb-spacing-right-large:0px;--awb-margin-bottom-large:0px;--awb-spacing-left-large:0px;--awb-width-medium:50%;--awb-order-medium:1;--awb-spacing-right-medium:0px;--awb-spacing-left-medium:0px;--awb-width-small:100%;--awb-spacing-right-small:0px;--awb-spacing-left-small:0px;\"><span class=\"fusion-column-inner-bg hover-type-none\"><a class=\"fusion-column-anchor\" href=\"https:\/\/avada.website\/health\/make-appointment\/\"><span class=\"fusion-column-inner-bg-image\"><\/span><\/a><\/span><div class=\"fusion-column-wrapper fusion-flex-justify-content-flex-start fusion-content-layout-column fusion-empty-column-bg-image fusion-column-has-bg-image\" data-bg-url=\"https:\/\/summitss.ca\/wp-content\/uploads\/2023\/10\/assisting-disabled-elderly-man-scaled-2-800x535.jpg\"><img decoding=\"async\" class=\"fusion-empty-dims-img-placeholder fusion-no-large-visibility fusion-no-medium-visibility\" src=\"data:image\/svg+xml,%3Csvg%20xmlns%3D%27http%3A%2F%2Fwww.w3.org%2F2000%2Fsvg%27%20width%3D%27800%27%20height%3D%27535%27%20viewBox%3D%270%200%20800%20535%27%3E%3Crect%20width%3D%27800%27%20height%3D%27535%27%20fill-opacity%3D%220%22%2F%3E%3C%2Fsvg%3E\"><\/div><\/div><div class=\"fusion-layout-column fusion_builder_column fusion-builder-column-4 fusion_builder_column_1_2 1_2 fusion-flex-column\" style=\"--awb-padding-top:13%;--awb-padding-right:13%;--awb-padding-bottom:13%;--awb-padding-left:13%;--awb-bg-position:center center;--awb-bg-size:cover;--awb-width-large:50%;--awb-margin-top-large:0px;--awb-spacing-right-large:0px;--awb-margin-bottom-large:0px;--awb-spacing-left-large:0px;--awb-width-medium:50%;--awb-spacing-right-medium:0px;--awb-spacing-left-medium:0px;--awb-width-small:100%;--awb-spacing-right-small:0px;--awb-spacing-left-small:0px;\"><div class=\"fusion-column-wrapper fusion-flex-justify-content-flex-start fusion-content-layout-column\"><div class=\"fusion-title title fusion-title-3 fusion-sep-none fusion-title-text fusion-title-size-two\" style=\"--awb-text-color:var(--awb-color4);--awb-margin-bottom:30px;\"><h2 class=\"fusion-title-heading title-heading-left\" style=\"margin:0;\">Notre processus d&#8217;embauche<\/h2><\/div><div class=\"fusion-text fusion-text-3\"><p><b>V\u00e9rifications approfondies des ant\u00e9c\u00e9dents:<\/b> Nous effectuons des v\u00e9rifications compl\u00e8tes des ant\u00e9c\u00e9dents, y compris des v\u00e9rifications du casier judiciaire et des r\u00e9f\u00e9rences professionnelles, pour garantir que tous nos soignants sont dignes de confiance, fiables et respectent les normes \u00e9thiques les plus \u00e9lev\u00e9es.<\/p>\n<p> <b> \u00c9valuation des comp\u00e9tences et de l&rsquo;exp\u00e9rience:<\/b> nos candidats sont soumis \u00e0 des \u00e9valuations rigoureuses pour \u00e9valuer leurs comp\u00e9tences, leur exp\u00e9rience et leur compatibilit\u00e9 avec les besoins de nos clients. Cela garantit que seuls les soignants les plus qualifi\u00e9s sont s\u00e9lectionn\u00e9s pour rejoindre notre \u00e9quipe.<\/p>\n<p> <b> Entretiens et v\u00e9rification des r\u00e9f\u00e9rences:<\/b> Nous menons des entretiens approfondis avec des soignants potentiels et contactons leurs r\u00e9f\u00e9rences pour mieux comprendre leur caract\u00e8re, leur \u00e9thique de travail et leur capacit\u00e9 \u00e0 fournir des soins exceptionnels. Ce processus rigoureux nous aide \u00e0 choisir des soignants non seulement comp\u00e9tents, mais aussi v\u00e9ritablement compatissants et d\u00e9vou\u00e9s.<\/p>\n<\/div><div ><a class=\"fusion-button button-flat fusion-button-default-size button-default fusion-button-default button-1 fusion-button-default-span fusion-button-default-type popmake-263\" style=\"--button_margin-top:40px;\" target=\"_self\"><span class=\"fusion-button-text\">Appliquer maintenant!<\/span><\/a><\/div><\/div><\/div><\/div><\/div><div class=\"fusion-fullwidth fullwidth-box fusion-builder-row-4 fusion-flex-container hundred-percent-fullwidth non-hundred-percent-height-scrolling\" style=\"--awb-background-position:left top;--awb-border-sizes-top:0px;--awb-border-sizes-bottom:0px;--awb-border-sizes-left:0px;--awb-border-sizes-right:0px;--awb-border-radius-top-left:0px;--awb-border-radius-top-right:0px;--awb-border-radius-bottom-right:0px;--awb-border-radius-bottom-left:0px;--awb-padding-top:0px;--awb-padding-right:0px;--awb-padding-bottom:0px;--awb-padding-left:0px;--awb-flex-wrap:wrap;\" id=\"Howweassign\" ><div class=\"fusion-builder-row fusion-row fusion-flex-align-items-stretch fusion-flex-content-wrap\" style=\"width:calc( 100% + 0px ) !important;max-width:calc( 100% + 0px ) !important;margin-left: calc(-0px \/ 2 );margin-right: calc(-0px \/ 2 );\"><div class=\"fusion-layout-column fusion_builder_column fusion-builder-column-5 fusion_builder_column_1_2 1_2 fusion-flex-column\" style=\"--awb-padding-top:13%;--awb-padding-right:13%;--awb-padding-bottom:13%;--awb-padding-left:13%;--awb-bg-size:cover;--awb-width-large:50%;--awb-margin-top-large:0px;--awb-spacing-right-large:0px;--awb-margin-bottom-large:0px;--awb-spacing-left-large:0px;--awb-width-medium:50%;--awb-spacing-right-medium:0px;--awb-spacing-left-medium:0px;--awb-width-small:100%;--awb-spacing-right-small:0px;--awb-spacing-left-small:0px;\"><div class=\"fusion-column-wrapper fusion-flex-justify-content-flex-start fusion-content-layout-column\"><div class=\"fusion-title title fusion-title-4 fusion-sep-none fusion-title-text fusion-title-size-two\" style=\"--awb-margin-bottom:30px;\"><h2 class=\"fusion-title-heading title-heading-left\" style=\"margin:0;\">Comment assigner un gardien ?<\/h2><\/div><div class=\"fusion-text fusion-text-4\"><p><b>\u00c9valuation compl\u00e8te des besoins:<\/b> Nous commen\u00e7ons par proc\u00e9der \u00e0 une \u00e9valuation approfondie des besoins de votre proche, en tenant compte de ses exigences physiques, \u00e9motionnelles et cognitives. Cela nous permet de les jumeler \u00e0 un soignant qui poss\u00e8de les comp\u00e9tences et l\u2019exp\u00e9rience appropri\u00e9es.<\/p>\n<p> <b> Compatibilit\u00e9 des soignants:<\/b> Nous examinons attentivement notre bassin de soignants, en tenant compte de facteurs tels que l&rsquo;expertise, l&rsquo;exp\u00e9rience et les traits de personnalit\u00e9. Notre objectif est de trouver un soignant dont les forces correspondent aux besoins et pr\u00e9f\u00e9rences sp\u00e9cifiques de votre proche.<\/p>\n<p> <b> Rencontre et accueil:<\/b> Une fois que nous avons identifi\u00e9 un soignant appropri\u00e9, nous organisons une s\u00e9ance de rencontre. Cela vous donne, \u00e0 vous et \u00e0 votre proche, l&rsquo;occasion de faire connaissance avec l&rsquo;aidant et de garantir qu&rsquo;il existe une relation confortable et de confiance avant le d\u00e9but officiel des soins. Ce lien personnel est crucial pour une relation de soins r\u00e9ussie.<\/p>\n<\/div><div ><a class=\"fusion-button button-flat fusion-button-default-size button-default fusion-button-default button-2 fusion-button-default-span fusion-button-default-type\" style=\"--button_margin-top:40px;\" target=\"_self\" href=\"https:\/\/summitss.ca\/hire-a-caregiver\/\"><span class=\"fusion-button-text\">Embaucher un soignant<\/span><\/a><\/div><\/div><\/div><div class=\"fusion-layout-column fusion_builder_column fusion-builder-column-6 fusion_builder_column_1_2 1_2 fusion-flex-column fusion-column-inner-bg-wrapper\" style=\"--awb-inner-bg-image:url(&#039;https:\/\/summitss.ca\/wp-content\/uploads\/2023\/10\/hospice-1821429_1280-1200x800.jpg&#039;);--awb-inner-bg-position:right center;--awb-inner-bg-size:cover;--awb-width-large:50%;--awb-margin-top-large:0px;--awb-spacing-right-large:0px;--awb-margin-bottom-large:0px;--awb-spacing-left-large:0px;--awb-width-medium:50%;--awb-spacing-right-medium:0px;--awb-spacing-left-medium:0px;--awb-width-small:100%;--awb-spacing-right-small:0px;--awb-spacing-left-small:0px;\"><span class=\"fusion-column-inner-bg hover-type-none\"><a class=\"fusion-column-anchor\" href=\"https:\/\/avada.website\/health\/make-appointment\/\"><span class=\"fusion-column-inner-bg-image\"><\/span><\/a><\/span><div class=\"fusion-column-wrapper fusion-flex-justify-content-flex-start fusion-content-layout-column fusion-empty-column-bg-image fusion-column-has-bg-image\" data-bg-url=\"https:\/\/summitss.ca\/wp-content\/uploads\/2023\/10\/hospice-1821429_1280-1200x800.jpg\"><img decoding=\"async\" class=\"fusion-empty-dims-img-placeholder fusion-no-large-visibility fusion-no-medium-visibility\" src=\"data:image\/svg+xml,%3Csvg%20xmlns%3D%27http%3A%2F%2Fwww.w3.org%2F2000%2Fsvg%27%20width%3D%271200%27%20height%3D%27800%27%20viewBox%3D%270%200%201200%20800%27%3E%3Crect%20width%3D%271200%27%20height%3D%27800%27%20fill-opacity%3D%220%22%2F%3E%3C%2Fsvg%3E\"><\/div><\/div><\/div><\/div><\/p>\n","protected":false},"excerpt":{"rendered":"","protected":false},"author":1,"featured_media":0,"parent":0,"menu_order":0,"comment_status":"closed","ping_status":"closed","template":"100-width.php","meta":{"footnotes":""},"class_list":["post-367","page","type-page","status-publish","hentry"],"_links":{"self":[{"href":"https:\/\/summitss.ca\/fr\/wp-json\/wp\/v2\/pages\/367","targetHints":{"allow":["GET"]}}],"collection":[{"href":"https:\/\/summitss.ca\/fr\/wp-json\/wp\/v2\/pages"}],"about":[{"href":"https:\/\/summitss.ca\/fr\/wp-json\/wp\/v2\/types\/page"}],"author":[{"embeddable":true,"href":"https:\/\/summitss.ca\/fr\/wp-json\/wp\/v2\/users\/1"}],"replies":[{"embeddable":true,"href":"https:\/\/summitss.ca\/fr\/wp-json\/wp\/v2\/comments?post=367"}],"version-history":[{"count":0,"href":"https:\/\/summitss.ca\/fr\/wp-json\/wp\/v2\/pages\/367\/revisions"}],"wp:attachment":[{"href":"https:\/\/summitss.ca\/fr\/wp-json\/wp\/v2\/media?parent=367"}],"curies":[{"name":"wp","href":"https:\/\/api.w.org\/{rel}","templated":true}]}}